{"id":60,"date":"2020-10-07T11:29:16","date_gmt":"2020-10-07T11:29:16","guid":{"rendered":"http:\/\/test.sonaxbilvard.se\/?post_type=product&#038;p=60"},"modified":"2020-10-13T11:50:38","modified_gmt":"2020-10-13T11:50:38","slug":"sonax-kallavfettning","status":"publish","type":"product","link":"https:\/\/test.sonaxbilvard.se\/?product=sonax-kallavfettning","title":{"rendered":"SONAX Kallavfettning +"},"content":{"rendered":"<p class=\"\">SUPERSNABB &amp; KRAFTFULL TJ\u00c4R- OCH ASFALTSL\u00d6SARE F\u00d6R V\u00c5TA YTOR!<\/p>\n<p class=\"\">Snabbverkande och effektiv avfettning som l\u00f6ser asfalt, tj\u00e4ra och v\u00e4gsalt speciellt framtagen till v\u00e5ta ytor. Den unika mixen av petroleum och alkoholer g\u00f6r produkten oerh\u00f6rt effektiv att f\u00e5 bort all tj\u00e4ra och tunggrodd smuts. Ett extra plus \u00e4r den h\u00f6gkvalitativa triggern som g\u00f6r produkten h\u00e5llbar och dryg!<\/p>\n<p class=\"\">Inneh\u00e5ll: 1 liter<\/p>\n<p class=\"\">\n","protected":false},"excerpt":{"rendered":"<p>Snabbverkande och effektiv avfettning som l\u00f6ser asfalt, tj\u00e4ra och v\u00e4gsalt speciellt framtagen till v\u00e5ta ytor.<\/p>\n<p>&nbsp;<\/p>\n<p class=\"\">Inneh\u00e5ll: 1 liter<\/p>\n<p class=\"\">Artikelnummer: 611300<\/p>\n<p class=\"\">\n","protected":false},"featured_media":61,"comment_status":"open","ping_status":"closed","template":"","meta":[],"_links":{"self":[{"href":"https:\/\/test.sonaxbilvard.se\/index.php?rest_route=\/wp\/v2\/product\/60"}],"collection":[{"href":"https:\/\/test.sonaxbilvard.se\/index.php?rest_route=\/wp\/v2\/product"}],"about":[{"href":"https:\/\/test.sonaxbilvard.se\/index.php?rest_route=\/wp\/v2\/types\/product"}],"replies":[{"embeddable":true,"href":"https:\/\/test.sonaxbilvard.se\/index.php?rest_route=%2Fwp%2Fv2%2Fcomments&post=60"}],"wp:featuredmedia":[{"embeddable":true,"href":"https:\/\/test.sonaxbilvard.se\/index.php?rest_route=\/wp\/v2\/media\/61"}],"wp:attachment":[{"href":"https:\/\/test.sonaxbilvard.se\/index.php?rest_route=%2Fwp%2Fv2%2Fmedia&parent=60"}],"curies":[{"name":"wp","href":"https:\/\/api.w.org\/{rel}","templated":true}]}}