{"id":62,"date":"2020-10-07T11:34:32","date_gmt":"2020-10-07T11:34:32","guid":{"rendered":"http:\/\/test.sonaxbilvard.se\/?post_type=product&#038;p=62"},"modified":"2020-10-13T09:34:15","modified_gmt":"2020-10-13T09:34:15","slug":"sonax-xtreme-foamseal","status":"publish","type":"product","link":"https:\/\/test.sonaxbilvard.se\/?product=sonax-xtreme-foamseal","title":{"rendered":"SONAX XTREME Foam+Seal"},"content":{"rendered":"<p>Snabbare, enklare och effektivare lackf\u00f6rsegling med skum!\u00a0Sonax XTREME Foam + Seal, \u00e4r en effektfull skumf\u00f6rsegling som passar till din SONAX Foam Lance.\u00a0Ger fantastisk glans, skydd och p\u00e4rleffekt. Aldrig har det varit enklare att f\u00f6rsegla lacken &#8211; dessutom \u00e4r det roligare!<\/p>\n<p>OBS! Produkten appliceras p\u00e5 en rentv\u00e4ttad yta.<\/p>\n","protected":false},"excerpt":{"rendered":"<p>Sonax XTREME Foam + Seal, \u00e4r en effektfull skumf\u00f6rsegling som passar till din SONAX Foam Lance.<\/p>\n<p>Inneh\u00e5ll: 1 liter<\/p>\n","protected":false},"featured_media":63,"comment_status":"open","ping_status":"closed","template":"","meta":[],"_links":{"self":[{"href":"https:\/\/test.sonaxbilvard.se\/index.php?rest_route=\/wp\/v2\/product\/62"}],"collection":[{"href":"https:\/\/test.sonaxbilvard.se\/index.php?rest_route=\/wp\/v2\/product"}],"about":[{"href":"https:\/\/test.sonaxbilvard.se\/index.php?rest_route=\/wp\/v2\/types\/product"}],"replies":[{"embeddable":true,"href":"https:\/\/test.sonaxbilvard.se\/index.php?rest_route=%2Fwp%2Fv2%2Fcomments&post=62"}],"wp:featuredmedia":[{"embeddable":true,"href":"https:\/\/test.sonaxbilvard.se\/index.php?rest_route=\/wp\/v2\/media\/63"}],"wp:attachment":[{"href":"https:\/\/test.sonaxbilvard.se\/index.php?rest_route=%2Fwp%2Fv2%2Fmedia&parent=62"}],"curies":[{"name":"wp","href":"https:\/\/api.w.org\/{rel}","templated":true}]}}