{"id":69,"date":"2020-10-07T13:33:12","date_gmt":"2020-10-07T13:33:12","guid":{"rendered":"http:\/\/test.sonaxbilvard.se\/?post_type=product&#038;p=69"},"modified":"2020-10-13T09:29:36","modified_gmt":"2020-10-13T09:29:36","slug":"sonax-xtreme-natural-shine-tyre-care","status":"publish","type":"product","link":"https:\/\/test.sonaxbilvard.se\/?product=sonax-xtreme-natural-shine-tyre-care","title":{"rendered":"SONAX XTREME Natural Shine Tyre Care"},"content":{"rendered":"<p>\u00c5terf\u00e5 nybilk\u00e4nslan p\u00e5 dina d\u00e4ck! SONAX Xtreme Natural Shine Tyre Care \u00e5terst\u00e4ller den djupa svarta f\u00e4rgen och efterl\u00e4mnar ett rent och matt utseende.<\/p>\n<p>Tr\u00e4nger djupt in i ytan och ger ett l\u00e5ngvarigt skydd som v\u00e5rdar d\u00e4cken samt g\u00f6r att de ser ut som nya. Vid regelbunden anv\u00e4ndning tar produkten bort bruna missf\u00e4rgningar fr\u00e5n d\u00e4cken. Ger effektivt skydd mot smuts, v\u00e4derp\u00e5verkan, tidig \u00e5ldring, sprickbildning samt p\u00e5verkan fr\u00e5n ozon och blekning pga. UV-str\u00e5lning. L\u00e4mpar sig f\u00f6r alla d\u00e4cktyper.<\/p>\n","protected":false},"excerpt":{"rendered":"<p>SONAX Xtreme Natural Shine Tyre Care \u00e5terst\u00e4ller den djupa svarta f\u00e4rgen och efterl\u00e4mnar ett rent och matt utseende.<\/p>\n<p>Inneh\u00e5ll: 500 ml<\/p>\n<p>Artikelnr: 256241<\/p>\n","protected":false},"featured_media":70,"comment_status":"open","ping_status":"closed","template":"","meta":[],"_links":{"self":[{"href":"https:\/\/test.sonaxbilvard.se\/index.php?rest_route=\/wp\/v2\/product\/69"}],"collection":[{"href":"https:\/\/test.sonaxbilvard.se\/index.php?rest_route=\/wp\/v2\/product"}],"about":[{"href":"https:\/\/test.sonaxbilvard.se\/index.php?rest_route=\/wp\/v2\/types\/product"}],"replies":[{"embeddable":true,"href":"https:\/\/test.sonaxbilvard.se\/index.php?rest_route=%2Fwp%2Fv2%2Fcomments&post=69"}],"wp:featuredmedia":[{"embeddable":true,"href":"https:\/\/test.sonaxbilvard.se\/index.php?rest_route=\/wp\/v2\/media\/70"}],"wp:attachment":[{"href":"https:\/\/test.sonaxbilvard.se\/index.php?rest_route=%2Fwp%2Fv2%2Fmedia&parent=69"}],"curies":[{"name":"wp","href":"https:\/\/api.w.org\/{rel}","templated":true}]}}